{"id":3489,"date":"2019-04-11T20:29:44","date_gmt":"2019-04-11T18:29:44","guid":{"rendered":"https:\/\/www.eisnherz.com\/condizioni-generali-di-contratto\/"},"modified":"2019-06-24T09:39:55","modified_gmt":"2019-06-24T07:39:55","slug":"condizioni-generali-di-contratto","status":"publish","type":"page","link":"https:\/\/www.eisnherz.com\/it\/condizioni-generali-di-contratto\/","title":{"rendered":"Condizioni generali di contratto"},"content":{"rendered":"<p><strong>Condizioni di vendita e di fornitura:<\/strong><\/p>\n<p>&nbsp;<\/p>\n<ol>\n<li style=\"list-style-type: none;\">\n<ol>\n<li><strong>Disposizioni generali<\/strong><\/li>\n<\/ol>\n<p>Le presenti condizioni di vendita e fornitura costituiscono parte integrante di ogni contratto e saranno messe a disposizione dell\u2019Acquirente per ogni suo ordine. L\u2019Acquirente dichiara qui espressamente di averle ricevute e di accettarle.<\/p>\n<ol>\n<li><strong>Condizioni di fornitura<\/strong><\/li>\n<\/ol>\n<p>In caso di difficolt\u00e0 di trasporto, guasti tecnici in azienda o nelle aziende dei rifornitori del Venditore quest\u2019ultimo potr\u00e0 allungare i tempi di fornitura ovv. posticiparli senza che il committente possa sollevare reclami al riguardo.<\/p>\n<p>Nel caso in cui i ritardi di fornitura siano causati dall\u2019Acquirente o da terze parti, le merci spedite dall\u2019azienda dovranno essere pagate per intero e i termini di pagamento pattuiti dovranno essere rispettati come da accordi.<\/p>\n<p>I termini di fornitura, qualora non siano espressamente concordati come termini essenziali, resteranno liberi ovv. non saranno vincolanti.<\/p>\n<p>In caso di variazioni concordate dell\u2019ordine, il Fornitore sar\u00e0 autorizzato a fissare un nuovo termine di consegna.<\/p>\n<p>I dati nelle descrizioni relative a prestazioni, peso ecc. dovranno essere considerati come indicazioni approssimative. Per la fatturazione finale si terr\u00e0 conto delle quantit\u00e0 effettivamente fornite, anche se queste differiscono dall\u2019offerta; in particolare, ci\u00f2 \u00e8 dovuto al fatto che le quantit\u00e0 (pesi) non sempre corrispondono ai calcoli preliminari. In ogni caso, l\u2019Acquirente dichiara espressamente di dover pagare le quantit\u00e0 effettivamente fornite.<\/p>\n<p>Le richieste di risarcimento da parte dell\u2019Acquirente per inadempimenti o ritardi non saranno soddisfatte.<\/p>\n<p>Anche nel caso in cui la merce sia venduta nel luogo concordato, il rischio di trasporto sar\u00e0 a carico del ricevente, a meno che la colpa non sia attribuibile a colpa grave da parte del Fornitore. Con la presa in consegna della merce l\u2019Acquirente ne assumer\u00e0 interamente il rischio e la responsabilit\u00e0, esonerando il Venditore da ogni ulteriore responsabilit\u00e0.<\/p>\n<ol start=\"2\">\n<li><strong>Prezzo<\/strong><\/li>\n<\/ol>\n<p>Aumenti di prezzo dovuti al rialzo dei costi di produzione (prezzi di fabbrica, cambi monetari, tariffe di trasporto, dogana, misure di importazione ecc.) occorsi tra l\u2019ordine e la fornitura verranno espressamente coperti dall\u2019Acquirente, saranno fatturati e si considerano come concordati.<\/p>\n<ol start=\"3\">\n<li><strong>Termini di pagamento<\/strong><\/li>\n<\/ol>\n<p>Nel caso in cui vengano superati i termini di pagamento concordati, il Venditore sar\u00e0 legittimato a presentare subito un <u>decreto ingiuntivo immediatamente esecutivo<\/u> presso il tribunale regionale competente.<\/p>\n<p>Ai sensi degli art. 1523 e ss. c.c. tutte le merci rimarranno di propriet\u00e0 del Venditore fino a quando l\u2019Acquirente non avr\u00e0 provveduto a soddisfare tutti gli impegni derivanti dal contratto di vendita. Per tutta la durata della riserva di propriet\u00e0 non saranno ammesse l\u2019alienazione, la costituzione in pegno, la cessione di credito, la locazione o ogni altro tipo di cessione della merce senza accordo scritto da parte del Venditore, pena l\u2019immediata esigibilit\u00e0 del prezzo d\u2019acquisto dilazionato e non ancora pagato.<\/p>\n<p>Nel caso in cui le merci sotto riserva di propriet\u00e0 dovessero essere utilizzate da terze parti, l\u2019Acquirente dovr\u00e0 informare immediatamente il Fornitore tramite lettera raccomandata (oppure, naturalmente, tramite Pec). In caso di mancato adempimento di questo obbligo l\u2019Acquirente sar\u00e0 responsabile per ogni danno derivante.<\/p>\n<p>L\u2019Acquirente sar\u00e0 tenuto, per tutta la durata della riserva di propriet\u00e0, a conservare la merce in buono stato.<\/p>\n<ol start=\"4\">\n<li><strong>Reclami \u2013 merci difettose<\/strong><\/li>\n<\/ol>\n<p>Ogni tipo di reclamo dovr\u00e0 avvenire entro 8 giorni dal ricevimento della merce ed essere inviato per iscritto al Venditore indicando con precisione i singoli vizi riscontrati. In caso di contestazioni giustificate gli eventuali vizi saranno, previo esame, eliminati o sar\u00e0 fornita una merce sostitutiva su scelta del Venditore. Non saranno accettate ulteriori richieste.<\/p>\n<ol start=\"5\">\n<li><strong>Foro competente \u2013 diritto applicabile <\/strong><\/li>\n<\/ol>\n<p>Le parti contrattuali convengono espressamente che per tutte le controversie legali derivanti da questo contratto sar\u00e0 applicato il diritto italiano e che il foro competente \u00e8 il Tribunale di Bolzano.<\/p>\n<ol start=\"6\">\n<li><strong>Luogo di adempimento<\/strong><\/li>\n<\/ol>\n<p>Il luogo di adempimento per la fornitura e il pagamento \u00e8 quello di emissione della fattura.<\/p>\n<ol start=\"7\">\n<li><strong>Disposizioni generali<\/strong><\/li>\n<\/ol>\n<p>Accordi a voce o telefonici necessitano di conferma scritta da parte del Venditore.<\/p>\n<ol start=\"8\">\n<li><strong>Protezione dei dati<\/strong><\/li>\n<\/ol>\n<p>I Suoi dati saranno elaborati dall\u2019azienda Gritsch Metall S.a.s. con sede a 39026 Prato allo Stelvio, via Pineta 67\/B ai sensi del decreto legislativo 30 giugno 2003, n. 196 (Codice in materia di protezione dei dati personali). I Suoi dati non saranno diffusi.<\/p>\n<ol start=\"9\">\n<li><strong>Iscrizione alla Camera di commercio<\/strong><\/li>\n<\/ol>\n<p>Numero REA \u00a0\u00a0\u00a0\u00a0\u00a0\u00a0\u00a0\u00a0\u00a0\u00a0\u00a0\u00a0\u00a0\u00a0\u00a0\u00a0\u00a0\u00a0\u00a0\u00a0\u00a0\u00a0\u00a0\u00a0\u00a0\u00a0\u00a0\u00a0\u00a0\u00a0\u00a0\u00a0\u00a0\u00a0\u00a0 BZ- 110341<\/p>\n<p>Rappresentante legale\u00a0\u00a0\u00a0\u00a0\u00a0\u00a0\u00a0\u00a0\u00a0\u00a0\u00a0\u00a0\u00a0\u00a0\u00a0\u00a0\u00a0\u00a0\u00a0\u00a0\u00a0\u00a0 Prugger Edith<\/p>\n<p>Foro competente\u00a0\u00a0\u00a0\u00a0\u00a0\u00a0\u00a0\u00a0\u00a0\u00a0\u00a0\u00a0\u00a0\u00a0\u00a0\u00a0\u00a0\u00a0\u00a0\u00a0\u00a0\u00a0\u00a0\u00a0\u00a0\u00a0\u00a0\u00a0\u00a0\u00a0\u00a0 Silandro<\/p>\n<p>Codice fiscale\u00a0\u00a0\u00a0\u00a0\u00a0\u00a0\u00a0\u00a0\u00a0\u00a0\u00a0\u00a0\u00a0\u00a0\u00a0\u00a0\u00a0\u00a0\u00a0\u00a0\u00a0\u00a0\u00a0\u00a0\u00a0\u00a0\u00a0\u00a0\u00a0\u00a0\u00a0\u00a0\u00a0\u00a0\u00a0 01272100213<\/li>\n<li style=\"list-style-type: none;\">&nbsp;\n<p>Ditta Gritsch Metall SAS di Prugger Edith<\/p>\n<p>Ai sensi dell\u2019art. 1341 e ss. c.c. le parti contraenti dichiarano espressamente di aver letto, compreso e accettato i punti 1, 2, 3, 4, e 5, 6, 7, 8 e di accettarli espressamente.<\/li>\n<\/ol>\n","protected":false},"excerpt":{"rendered":"<p>Condizioni di vendita e di fornitura: &nbsp; Disposizioni generali Le presenti condizioni di vendita e fornitura costituiscono parte integrante di ogni contratto e saranno messe a disposizione dell\u2019Acquirente per ogni suo ordine. L\u2019Acquirente dichiara qui espressamente di averle ricevute e di accettarle. Condizioni di fornitura In caso di difficolt\u00e0 di trasporto, guasti tecnici in azienda [&hellip;]<\/p>\n","protected":false},"author":1,"featured_media":0,"parent":0,"menu_order":7,"comment_status":"closed","ping_status":"closed","template":"","meta":{"_et_pb_use_builder":"","_et_pb_old_content":"","_et_gb_content_width":"","footnotes":""},"class_list":["post-3489","page","type-page","status-publish","hentry"],"aioseo_notices":[],"_links":{"self":[{"href":"https:\/\/www.eisnherz.com\/it\/wp-json\/wp\/v2\/pages\/3489","targetHints":{"allow":["GET"]}}],"collection":[{"href":"https:\/\/www.eisnherz.com\/it\/wp-json\/wp\/v2\/pages"}],"about":[{"href":"https:\/\/www.eisnherz.com\/it\/wp-json\/wp\/v2\/types\/page"}],"author":[{"embeddable":true,"href":"https:\/\/www.eisnherz.com\/it\/wp-json\/wp\/v2\/users\/1"}],"replies":[{"embeddable":true,"href":"https:\/\/www.eisnherz.com\/it\/wp-json\/wp\/v2\/comments?post=3489"}],"version-history":[{"count":0,"href":"https:\/\/www.eisnherz.com\/it\/wp-json\/wp\/v2\/pages\/3489\/revisions"}],"wp:attachment":[{"href":"https:\/\/www.eisnherz.com\/it\/wp-json\/wp\/v2\/media?parent=3489"}],"curies":[{"name":"wp","href":"https:\/\/api.w.org\/{rel}","templated":true}]}}