{"id":708,"date":"2019-02-07T15:07:29","date_gmt":"2019-02-07T14:07:29","guid":{"rendered":"https:\/\/www.eisnherz.com\/credits\/"},"modified":"2023-09-20T09:05:38","modified_gmt":"2023-09-20T08:05:38","slug":"credits","status":"publish","type":"page","link":"https:\/\/www.eisnherz.com\/it\/credits\/","title":{"rendered":"Credits"},"content":{"rendered":"<p>[et_pb_section fb_built=&#8221;1&#8243; fullwidth=&#8221;on&#8221; admin_label=&#8221;Header Section&#8221; _builder_version=&#8221;4.16&#8243; background_color=&#8221;#171717&#8243; background_image=&#8221;https:\/\/www.eisnherz.com\/wp-content\/uploads\/2019\/03\/schwei\u00dfer3.jpg&#8221; parallax=&#8221;on&#8221; max_width=&#8221;300%&#8221; custom_padding=&#8221;0|0px|0|0px|false|false&#8221; hover_transition_duration=&#8221;0ms&#8221; locked=&#8221;off&#8221; global_colors_info=&#8221;{}&#8221;][et_pb_fullwidth_header title=&#8221;CREDITS&#8221; text_orientation=&#8221;center&#8221; header_fullscreen=&#8221;on&#8221; header_scroll_down=&#8221;on&#8221; scroll_down_icon=&#8221;%%4%%&#8221; scroll_down_icon_color=&#8221;#858585&#8243; background_overlay_color=&#8221;rgba(0,0,0,0.4)&#8221; content_max_width_last_edited=&#8221;off|desktop&#8221; admin_label=&#8221;Contents&#8221; _builder_version=&#8221;4.16&#8243; title_font=&#8221;Oswald|||on|&#8221; title_text_align=&#8221;center&#8221; title_font_size=&#8221;80px&#8221; title_letter_spacing=&#8221;0.1em&#8221; title_line_height=&#8221;1.5em&#8221; subhead_font=&#8221;Oswald|600|||||||&#8221; subhead_font_size=&#8221;20px&#8221; subhead_line_height=&#8221;1.9em&#8221; background_color=&#8221;rgba(255,255,255,0)&#8221; parallax=&#8221;on&#8221; parallax_method=&#8221;on&#8221; custom_button_one=&#8221;on&#8221; button_one_bg_color=&#8221;#ad8b5d&#8221; button_one_border_width=&#8221;10px&#8221; button_one_border_color=&#8221;#ad8b5d&#8221; button_one_border_radius=&#8221;0px&#8221; button_one_font=&#8221;Oswald|||on|&#8221; button_one_icon=&#8221;&#xe00b;||divi||400&#8243; custom_button_two=&#8221;on&#8221; button_two_text_size=&#8221;30px&#8221; button_two_bg_color=&#8221;#ad8b5d&#8221; button_two_border_width=&#8221;10px&#8221; button_two_border_color=&#8221;#ad8b5d&#8221; button_two_border_radius=&#8221;0px&#8221; button_two_font=&#8221;Oswald||||||||&#8221; button_two_icon=&#8221;&#xe010;||divi||400&#8243; custom_margin=&#8221;|||&#8221; custom_padding=&#8221;0%||0%||true&#8221; hover_transition_duration=&#8221;0ms&#8221; title_font_size_tablet=&#8221;60px&#8221; title_font_size_phone=&#8221;40px&#8221; title_font_size_last_edited=&#8221;on|phone&#8221; button_one_border_color_hover=&#8221;#c99872&#8243; button_one_border_radius_hover=&#8221;0px&#8221; button_one_letter_spacing_hover=&#8221;3px&#8221; button_one_bg_color_hover=&#8221;#c99872&#8243; global_colors_info=&#8221;{}&#8221; button_one_text_size__hover_enabled=&#8221;off&#8221; button_two_text_size__hover_enabled=&#8221;off&#8221; button_one_text_color__hover_enabled=&#8221;off&#8221; button_two_text_color__hover_enabled=&#8221;off&#8221; button_one_border_width__hover_enabled=&#8221;off&#8221; button_two_border_width__hover_enabled=&#8221;off&#8221; button_one_border_color__hover_enabled=&#8221;on&#8221; button_one_border_color__hover=&#8221;#ad8b5d&#8221; button_two_border_color__hover_enabled=&#8221;off&#8221; button_one_border_radius__hover_enabled=&#8221;on&#8221; button_one_border_radius__hover=&#8221;0px&#8221; button_two_border_radius__hover_enabled=&#8221;off&#8221; button_one_letter_spacing__hover_enabled=&#8221;on&#8221; button_one_letter_spacing__hover=&#8221;0px&#8221; button_two_letter_spacing__hover_enabled=&#8221;off&#8221; button_one_bg_color__hover_enabled=&#8221;on&#8221; button_one_bg_color__hover=&#8221;#ad8b5d&#8221; button_two_bg_color__hover_enabled=&#8221;off&#8221;][\/et_pb_fullwidth_header][\/et_pb_section][et_pb_section fb_built=&#8221;1&#8243; admin_label=&#8221;Contact Info&#8221; _builder_version=&#8221;4.16&#8243; custom_padding=&#8221;0|0px|54px|0px|false|false&#8221; global_colors_info=&#8221;{}&#8221;][et_pb_row use_custom_gutter=&#8221;on&#8221; gutter_width=&#8221;1&#8243; make_equal=&#8221;on&#8221; _builder_version=&#8221;4.16&#8243; custom_margin=&#8221;|||&#8221; custom_padding=&#8221;28px|0px|27px|0px|false|false&#8221; animation_style=&#8221;fade&#8221; custom_width_px=&#8221;1125px&#8221; locked=&#8221;off&#8221; global_colors_info=&#8221;{}&#8221; column_structure=&#8221;1_2,1_2&#8243;][et_pb_column type=&#8221;1_2&#8243; _builder_version=&#8221;4.16&#8243; background_color=&#8221;#ad8b5d&#8221; custom_padding=&#8221;|||&#8221; global_colors_info=&#8221;{}&#8221; custom_padding__hover=&#8221;|||&#8221;][et_pb_blurb title=&#8221;Committente e responsabile per i contenuti:&#8221; _builder_version=&#8221;4.16&#8243; header_font=&#8221;Share Tech||||||||&#8221; header_text_color=&#8221;#171717&#8243; header_font_size=&#8221;24px&#8221; header_line_height=&#8221;1.2em&#8221; body_font=&#8221;Open Sans||||||||&#8221; body_text_color=&#8221;#171717&#8243; body_font_size=&#8221;16px&#8221; body_line_height=&#8221;1.8em&#8221; background_layout=&#8221;dark&#8221; custom_padding=&#8221;40px|30px|40px|30px|true|true&#8221; animation_style=&#8221;fold&#8221; animation=&#8221;off&#8221; global_colors_info=&#8221;{}&#8221;]Gritsch Metall SAS<br \/>\ndi Prugger Edith &amp; Co<br \/>\nVia Pineta 67-B<br \/>\nI-39026 Prato allo Stelvio<br \/>\nAlto Adige \u2013 Italia<\/p>\n<p>Cod.Fisc. 01272100213<br \/>\nP.IVA. IT01272100213<\/p>\n<p>Tel: +39 0473 616036<br \/>\nFax: +39 0473 616584<\/p>\n<p>Email: info@gritschmetall.com<br \/>\nPEC: edith.lasertechnik@pec.rolmail.net<\/p>\n<p><span style=\"font-size: 16px;\">Camera di Commercio di Bolzano N. BZ &#8211; 110341<\/span>[\/et_pb_blurb][\/et_pb_column][et_pb_column type=&#8221;1_2&#8243; _builder_version=&#8221;4.16&#8243; background_color=&#8221;#858585&#8243; custom_padding=&#8221;|||&#8221; global_colors_info=&#8221;{}&#8221; custom_padding__hover=&#8221;|||&#8221;][et_pb_blurb title=&#8221;Concezione, design e programmazione:&#8221; url=&#8221;https:\/\/kurismedia.com&#8221; _builder_version=&#8221;4.22.1&#8243; header_font=&#8221;Share Tech||||||||&#8221; header_text_color=&#8221;#171717&#8243; header_font_size=&#8221;24px&#8221; header_line_height=&#8221;1.2em&#8221; body_font=&#8221;Open Sans||||||||&#8221; body_text_color=&#8221;#000000&#8243; body_font_size=&#8221;16px&#8221; body_line_height=&#8221;1.8em&#8221; background_layout=&#8221;dark&#8221; custom_padding=&#8221;40px|30px|40px|30px|true|true&#8221; animation_style=&#8221;fold&#8221; animation_delay=&#8221;350ms&#8221; animation=&#8221;off&#8221; hover_enabled=&#8221;0&#8243; locked=&#8221;off&#8221; global_colors_info=&#8221;{}&#8221; sticky_enabled=&#8221;0&#8243;]<\/p>\n<p>kurisMEDiA di Raffeiner Kurt<\/p>\n<p>info@kurismedia.com<\/p>\n<p>www.kurismedia.com<\/p>\n<p>&nbsp;<\/p>\n<p><a href=\"https:\/\/kurismedia.com\" title=\"kuris media\"><img loading=\"lazy\" decoding=\"async\" src=\"https:\/\/www.eisnherz.com\/wp-content\/uploads\/2023\/09\/Facebook_Profilbild_Kuris-300x300.png\" width=\"300\" height=\"300\" alt=\"\" class=\"wp-image-16716 alignnone size-medium\" \/><\/a><\/p>\n<p>[\/et_pb_blurb][\/et_pb_column][\/et_pb_row][et_pb_row admin_label=&#8221;Contact us&#8221; _builder_version=&#8221;4.16&#8243; global_colors_info=&#8221;{}&#8221;][et_pb_column type=&#8221;4_4&#8243; _builder_version=&#8221;4.16&#8243; custom_padding=&#8221;|||&#8221; global_colors_info=&#8221;{}&#8221; custom_padding__hover=&#8221;|||&#8221;][et_pb_toggle title=&#8221;Contenuto&#8221; _builder_version=&#8221;4.16&#8243; title_font=&#8221;Share Tech||||||||&#8221; background_color=&#8221;#f1f1f1&#8243; custom_margin=&#8221;||8px|&#8221; custom_padding=&#8221;16px||16px||true&#8221; border_width_all=&#8221;0px&#8221; global_colors_info=&#8221;{}&#8221;]I contenuti e le informazioni presenti su questo sito Web sono stati da noi accuratamente controllati. Ci\u00f2 nonostante non ci assumiamo alcuna responsabilit\u00e0 n\u00e9 forniamo garanzie circa la loro esattezza e completezza. Ci riserviamo il diritto di aggiornare, modificare o integrare senza preavviso le informazioni messe a disposizione.<br \/>\n[\/et_pb_toggle][et_pb_toggle title=&#8221;Rimandi e link&#8221; _builder_version=&#8221;4.16&#8243; title_font=&#8221;Share Tech||||||||&#8221; background_color=&#8221;#f1f1f1&#8243; custom_margin=&#8221;||8px|&#8221; custom_padding=&#8221;16px||16px||true&#8221; border_width_all=&#8221;0px&#8221; global_colors_info=&#8221;{}&#8221;]Non ci assumiamo alcuna responsabilit\u00e0 per i contenuti dei link esterni. La responsabilit\u00e0 per il contenuto delle pagine visitabili tramite i link \u00e8 esclusivamente dei gestori delle pagine.<br \/>\n[\/et_pb_toggle][et_pb_toggle title=&#8221;SSL-codifica&#8221; _builder_version=&#8221;4.16&#8243; title_font=&#8221;Share Tech||||||||&#8221; background_color=&#8221;#f1f1f1&#8243; custom_margin=&#8221;||8px|&#8221; custom_padding=&#8221;16px||16px||true&#8221; border_width_all=&#8221;0px&#8221; global_colors_info=&#8221;{}&#8221;]Questo sito utilizza la crittografia SSL per motivi di sicurezza e per la protezione della trasmissione di contenuti riservati, come le richieste inviate a noi come operatore del sito. Una connessione crittografata indica che la linea di indirizzo del browser cambia da \u201chttp\u201d a \u201chttps\u201d e dall\u2019icona di blocco nella linea del browser.<br \/>\nSe la crittografia SSL \u00e8 attivata, i dati che ci trasferiscono non possono essere letti da terzi.<br \/>\n[\/et_pb_toggle][et_pb_toggle title=&#8221;Copyright (diritto d&apos;autore e dei segni distintivi)&#8221; _builder_version=&#8221;4.16&#8243; title_font=&#8221;Share Tech||||||||&#8221; background_color=&#8221;#f1f1f1&#8243; custom_margin=&#8221;||8px|&#8221; custom_padding=&#8221;16px||16px||true&#8221; border_width_all=&#8221;0px&#8221; global_colors_info=&#8221;{}&#8221;]<\/p>\n<p class=\"p1\">Il contenuto di questo sito Web \u00e8 protetto da copyright e non pu\u00f2 essere riprodotto o utilizzato in altre pubblicazioni stampate o elettroniche senza la nostra espressa autorizzazione.<\/p>\n<p>[\/et_pb_toggle][et_pb_toggle title=&#8221;Validit\u00e0 giuridica&#8221; _builder_version=&#8221;4.16&#8243; title_font=&#8221;Share Tech||||||||&#8221; background_color=&#8221;#f1f1f1&#8243; custom_margin=&#8221;||8px|&#8221; custom_padding=&#8221;16px||16px||true&#8221; border_width_all=&#8221;0px&#8221; global_colors_info=&#8221;{}&#8221;]Qualora parti o singole formulazioni del presente testo non corrispondano, non corrispondano pi\u00f9 o non corrispondano integralmente alla vigente situazione giuridica, restano comunque immutati il contenuto e la validit\u00e0 delle altre parti del documento. Dall\u2019uso del sito Web non deriva alcun diritto n\u00e9 alcun contratto. Le controversie giuridiche sono risolte presso il Tribunale per noi competente.<br \/>\n[\/et_pb_toggle][et_pb_toggle title=&#8221;Risoluzione delle controversie online (ODR)&#8221; _builder_version=&#8221;4.16&#8243; title_font=&#8221;Share Tech||||||||&#8221; background_color=&#8221;#f1f1f1&#8243; custom_margin=&#8221;||8px|&#8221; custom_padding=&#8221;16px||16px||true&#8221; border_width_all=&#8221;0px&#8221; global_colors_info=&#8221;{}&#8221;]<\/p>\n<p class=\"p1\"><span class=\"s1\">Informazione obbligatoria ai sensi del Regolamento UE n. 524\/2016 del Parlamento europeo e del Consiglio Piattaforma per la risoluzione delle controversie online dei consumatori (ODR) della Commissione europea:\u00a0https:\/\/www.ec.europa.eu\/consumers\/odr<\/span><\/p>\n<p>[\/et_pb_toggle][et_pb_toggle title=&#8221;Immagini &amp; Video&#8221; _builder_version=&#8221;4.16&#8243; title_font=&#8221;Share Tech||||||||&#8221; background_color=&#8221;#f1f1f1&#8243; custom_margin=&#8221;||8px|&#8221; custom_padding=&#8221;16px||16px||true&#8221; border_width_all=&#8221;0px&#8221; global_colors_info=&#8221;{}&#8221;]<\/p>\n<p class=\"p1\"><span class=\"s1\">Copyright kurisMEDiA, Eisnherz, Gritsch Metall SAS,\u00a0Siegfried Lercher<\/span><\/p>\n<p>[\/et_pb_toggle][\/et_pb_column][\/et_pb_row][\/et_pb_section][et_pb_section fb_built=&#8221;1&#8243; fullwidth=&#8221;on&#8221; admin_label=&#8221;Map&#8221; _builder_version=&#8221;4.16&#8243; global_colors_info=&#8221;{}&#8221;][et_pb_fullwidth_map address=&#8221;Kiefernhainweg, 67\/B, 39026 Prato Allo Stelvio BZ, Italien&#8221; zoom_level=&#8221;13&#8243; address_lat=&#8221;46.63085&#8243; address_lng=&#8221;10.586725&#8243; mouse_wheel=&#8221;off&#8221; _builder_version=&#8221;4.22.1&#8243; hover_enabled=&#8221;0&#8243; global_colors_info=&#8221;{}&#8221; sticky_enabled=&#8221;0&#8243;][et_pb_map_pin title=&#8221;Gritsch Metall SAS di Prugger Edith &amp; Co&#8221; pin_address=&#8221;Kiefernhainweg, 67\/B, 39026 Prato Allo Stelvio BZ, Italien&#8221; zoom_level=&#8221;11&#8243; pin_address_lat=&#8221;46.63085&#8243; pin_address_lng=&#8221;10.586725&#8243; _builder_version=&#8221;3.19.7&#8243; global_colors_info=&#8221;{}&#8221;][\/et_pb_map_pin][et_pb_map_pin title=&#8221;Eisnherz.com&#8221; pin_address=&#8221;Prad am Stilfserjoch, Hauptplatz 73, 39026 Prad am Stilfserjoch, Autonome Provinz Bozen &#8211; S\u00fcdtirol, Italien&#8221; zoom_level=&#8221;11&#8243; pin_address_lat=&#8221;46.6171204&#8243; pin_address_lng=&#8221;10.591716&#8243; _builder_version=&#8221;4.22.1&#8243; global_colors_info=&#8221;{}&#8221; hover_enabled=&#8221;0&#8243; sticky_enabled=&#8221;0&#8243;][\/et_pb_map_pin][\/et_pb_fullwidth_map][\/et_pb_section]<\/p>\n","protected":false},"excerpt":{"rendered":"<p>Gritsch Metall SAS di Prugger Edith &amp; Co Via Pineta 67-B I-39026 Prato allo Stelvio Alto Adige \u2013 Italia Cod.Fisc. 01272100213 P.IVA. IT01272100213 Tel: +39 0473 616036 Fax: +39 0473 616584 Email: info@gritschmetall.com PEC: edith.lasertechnik@pec.rolmail.net Camera di Commercio di Bolzano N. BZ &#8211; 110341kurisMEDiA di Raffeiner Kurt info@kurismedia.com www.kurismedia.com &nbsp; I contenuti e le informazioni [&hellip;]<\/p>\n","protected":false},"author":1,"featured_media":0,"parent":0,"menu_order":4,"comment_status":"closed","ping_status":"closed","template":"","meta":{"_et_pb_use_builder":"on","_et_pb_old_content":"","_et_gb_content_width":"","footnotes":""},"class_list":["post-708","page","type-page","status-publish","hentry"],"aioseo_notices":[],"_links":{"self":[{"href":"https:\/\/www.eisnherz.com\/it\/wp-json\/wp\/v2\/pages\/708","targetHints":{"allow":["GET"]}}],"collection":[{"href":"https:\/\/www.eisnherz.com\/it\/wp-json\/wp\/v2\/pages"}],"about":[{"href":"https:\/\/www.eisnherz.com\/it\/wp-json\/wp\/v2\/types\/page"}],"author":[{"embeddable":true,"href":"https:\/\/www.eisnherz.com\/it\/wp-json\/wp\/v2\/users\/1"}],"replies":[{"embeddable":true,"href":"https:\/\/www.eisnherz.com\/it\/wp-json\/wp\/v2\/comments?post=708"}],"version-history":[{"count":0,"href":"https:\/\/www.eisnherz.com\/it\/wp-json\/wp\/v2\/pages\/708\/revisions"}],"wp:attachment":[{"href":"https:\/\/www.eisnherz.com\/it\/wp-json\/wp\/v2\/media?parent=708"}],"curies":[{"name":"wp","href":"https:\/\/api.w.org\/{rel}","templated":true}]}}